{"id":205,"date":"2023-06-13T16:36:18","date_gmt":"2023-06-13T16:36:18","guid":{"rendered":"http:\/\/localhost:8080\/?page_id=205"},"modified":"2025-03-14T17:59:54","modified_gmt":"2025-03-14T17:59:54","slug":"mision-y-vision","status":"publish","type":"page","link":"https:\/\/ingenieria.ucsc.cl\/en\/facultad\/sobre-la-facultad\/mision-y-vision\/","title":{"rendered":"Misi\u00f3n y Visi\u00f3n"},"content":{"rendered":"","protected":false},"excerpt":{"rendered":"","protected":false},"author":1,"featured_media":0,"parent":125,"menu_order":0,"comment_status":"closed","ping_status":"closed","template":"acf-template","meta":{"_acf_changed":false,"footnotes":""},"class_list":["post-205","page","type-page","status-publish","hentry"],"acf":[],"yoast_head":"<!-- This site is optimized with the Yoast SEO plugin v26.1.1 - https:\/\/yoast.com\/wordpress\/plugins\/seo\/ -->\n<title>Misi\u00f3n y Visi\u00f3n - UCSC Facultad de Ingenier\u00eda<\/title>\n<meta name=\"robots\" content=\"index, follow, max-snippet:-1, max-image-preview:large, max-video-preview:-1\" \/>\n<link rel=\"canonical\" href=\"https:\/\/ingenieria.ucsc.cl\/facultad\/sobre-la-facultad\/mision-y-vision\/\" \/>\n<meta property=\"og:locale\" content=\"en_US\" \/>\n<meta property=\"og:type\" content=\"article\" \/>\n<meta property=\"og:title\" content=\"Misi\u00f3n y Visi\u00f3n - UCSC Facultad de Ingenier\u00eda\" \/>\n<meta property=\"og:url\" content=\"https:\/\/ingenieria.ucsc.cl\/facultad\/sobre-la-facultad\/mision-y-vision\/\" \/>\n<meta property=\"og:site_name\" content=\"UCSC Facultad de Ingenier\u00eda\" \/>\n<meta property=\"article:modified_time\" content=\"2025-03-14T17:59:54+00:00\" \/>\n<meta name=\"twitter:card\" content=\"summary_large_image\" \/>\n<script type=\"application\/ld+json\" class=\"yoast-schema-graph\">{\"@context\":\"https:\/\/schema.org\",\"@graph\":[{\"@type\":\"WebPage\",\"@id\":\"https:\/\/ingenieria.ucsc.cl\/facultad\/sobre-la-facultad\/mision-y-vision\/\",\"url\":\"https:\/\/ingenieria.ucsc.cl\/facultad\/sobre-la-facultad\/mision-y-vision\/\",\"name\":\"Misi\u00f3n y Visi\u00f3n - UCSC Facultad de Ingenier\u00eda\",\"isPartOf\":{\"@id\":\"https:\/\/ingenieria.ucsc.cl\/#website\"},\"datePublished\":\"2023-06-13T16:36:18+00:00\",\"dateModified\":\"2025-03-14T17:59:54+00:00\",\"breadcrumb\":{\"@id\":\"https:\/\/ingenieria.ucsc.cl\/facultad\/sobre-la-facultad\/mision-y-vision\/#breadcrumb\"},\"inLanguage\":\"en-US\",\"potentialAction\":[{\"@type\":\"ReadAction\",\"target\":[\"https:\/\/ingenieria.ucsc.cl\/facultad\/sobre-la-facultad\/mision-y-vision\/\"]}]},{\"@type\":\"BreadcrumbList\",\"@id\":\"https:\/\/ingenieria.ucsc.cl\/facultad\/sobre-la-facultad\/mision-y-vision\/#breadcrumb\",\"itemListElement\":[{\"@type\":\"ListItem\",\"position\":1,\"name\":\"Home\",\"item\":\"https:\/\/ingenieria.ucsc.cl\/\"},{\"@type\":\"ListItem\",\"position\":2,\"name\":\"Facultad\",\"item\":\"https:\/\/2.ucsc.cl\/facultad\/\"},{\"@type\":\"ListItem\",\"position\":3,\"name\":\"Sobre la Facultad\",\"item\":\"https:\/\/ingenieria.ucsc.cl\/facultad\/sobre-la-facultad\/\"},{\"@type\":\"ListItem\",\"position\":4,\"name\":\"Misi\u00f3n y Visi\u00f3n\"}]},{\"@type\":\"WebSite\",\"@id\":\"https:\/\/ingenieria.ucsc.cl\/#website\",\"url\":\"https:\/\/ingenieria.ucsc.cl\/\",\"name\":\"UCSC Facultad de Ingenier\u00eda\",\"description\":\"Facultad de Ingenier\u00eda UCSC\",\"potentialAction\":[{\"@type\":\"SearchAction\",\"target\":{\"@type\":\"EntryPoint\",\"urlTemplate\":\"https:\/\/ingenieria.ucsc.cl\/?s={search_term_string}\"},\"query-input\":{\"@type\":\"PropertyValueSpecification\",\"valueRequired\":true,\"valueName\":\"search_term_string\"}}],\"inLanguage\":\"en-US\"}]}<\/script>\n<!-- \/ Yoast SEO plugin. -->","yoast_head_json":{"title":"Misi\u00f3n y Visi\u00f3n - UCSC Facultad de Ingenier\u00eda","robots":{"index":"index","follow":"follow","max-snippet":"max-snippet:-1","max-image-preview":"max-image-preview:large","max-video-preview":"max-video-preview:-1"},"canonical":"https:\/\/ingenieria.ucsc.cl\/facultad\/sobre-la-facultad\/mision-y-vision\/","og_locale":"en_US","og_type":"article","og_title":"Misi\u00f3n y Visi\u00f3n - UCSC Facultad de Ingenier\u00eda","og_url":"https:\/\/ingenieria.ucsc.cl\/facultad\/sobre-la-facultad\/mision-y-vision\/","og_site_name":"UCSC Facultad de Ingenier\u00eda","article_modified_time":"2025-03-14T17:59:54+00:00","twitter_card":"summary_large_image","schema":{"@context":"https:\/\/schema.org","@graph":[{"@type":"WebPage","@id":"https:\/\/ingenieria.ucsc.cl\/facultad\/sobre-la-facultad\/mision-y-vision\/","url":"https:\/\/ingenieria.ucsc.cl\/facultad\/sobre-la-facultad\/mision-y-vision\/","name":"Misi\u00f3n y Visi\u00f3n - UCSC Facultad de Ingenier\u00eda","isPartOf":{"@id":"https:\/\/ingenieria.ucsc.cl\/#website"},"datePublished":"2023-06-13T16:36:18+00:00","dateModified":"2025-03-14T17:59:54+00:00","breadcrumb":{"@id":"https:\/\/ingenieria.ucsc.cl\/facultad\/sobre-la-facultad\/mision-y-vision\/#breadcrumb"},"inLanguage":"en-US","potentialAction":[{"@type":"ReadAction","target":["https:\/\/ingenieria.ucsc.cl\/facultad\/sobre-la-facultad\/mision-y-vision\/"]}]},{"@type":"BreadcrumbList","@id":"https:\/\/ingenieria.ucsc.cl\/facultad\/sobre-la-facultad\/mision-y-vision\/#breadcrumb","itemListElement":[{"@type":"ListItem","position":1,"name":"Home","item":"https:\/\/ingenieria.ucsc.cl\/"},{"@type":"ListItem","position":2,"name":"Facultad","item":"https:\/\/2.ucsc.cl\/facultad\/"},{"@type":"ListItem","position":3,"name":"Sobre la Facultad","item":"https:\/\/ingenieria.ucsc.cl\/facultad\/sobre-la-facultad\/"},{"@type":"ListItem","position":4,"name":"Misi\u00f3n y Visi\u00f3n"}]},{"@type":"WebSite","@id":"https:\/\/ingenieria.ucsc.cl\/#website","url":"https:\/\/ingenieria.ucsc.cl\/","name":"UCSC Facultad de Ingenier\u00eda","description":"Facultad de Ingenier\u00eda UCSC","potentialAction":[{"@type":"SearchAction","target":{"@type":"EntryPoint","urlTemplate":"https:\/\/ingenieria.ucsc.cl\/?s={search_term_string}"},"query-input":{"@type":"PropertyValueSpecification","valueRequired":true,"valueName":"search_term_string"}}],"inLanguage":"en-US"}]}},"_links":{"self":[{"href":"https:\/\/ingenieria.ucsc.cl\/en\/wp-json\/wp\/v2\/pages\/205","targetHints":{"allow":["GET"]}}],"collection":[{"href":"https:\/\/ingenieria.ucsc.cl\/en\/wp-json\/wp\/v2\/pages"}],"about":[{"href":"https:\/\/ingenieria.ucsc.cl\/en\/wp-json\/wp\/v2\/types\/page"}],"author":[{"embeddable":true,"href":"https:\/\/ingenieria.ucsc.cl\/en\/wp-json\/wp\/v2\/users\/1"}],"replies":[{"embeddable":true,"href":"https:\/\/ingenieria.ucsc.cl\/en\/wp-json\/wp\/v2\/comments?post=205"}],"version-history":[{"count":8,"href":"https:\/\/ingenieria.ucsc.cl\/en\/wp-json\/wp\/v2\/pages\/205\/revisions"}],"predecessor-version":[{"id":5478,"href":"https:\/\/ingenieria.ucsc.cl\/en\/wp-json\/wp\/v2\/pages\/205\/revisions\/5478"}],"up":[{"embeddable":true,"href":"https:\/\/ingenieria.ucsc.cl\/en\/wp-json\/wp\/v2\/pages\/125"}],"wp:attachment":[{"href":"https:\/\/ingenieria.ucsc.cl\/en\/wp-json\/wp\/v2\/media?parent=205"}],"curies":[{"name":"wp","href":"https:\/\/api.w.org\/{rel}","templated":true}]}}